{"id":6674,"date":"2018-12-22T07:30:36","date_gmt":"2018-12-22T04:30:36","guid":{"rendered":"https:\/\/demo.goodlayers.com\/logisco\/?page_id=6674"},"modified":"2020-10-01T13:50:07","modified_gmt":"2020-10-01T10:50:07","slug":"special-products","status":"publish","type":"page","link":"https:\/\/anamurpsikoteknik.com\/?page_id=6674","title":{"rendered":"\u00d6zel S\u00fcr\u00fc\u015f Dersleri"},"content":{"rendered":"","protected":false},"excerpt":{"rendered":"","protected":false},"author":1,"featured_media":0,"parent":6399,"menu_order":0,"comment_status":"closed","ping_status":"closed","template":"","meta":[],"_links":{"self":[{"href":"https:\/\/anamurpsikoteknik.com\/index.php?rest_route=\/wp\/v2\/pages\/6674"}],"collection":[{"href":"https:\/\/anamurpsikoteknik.com\/index.php?rest_route=\/wp\/v2\/pages"}],"about":[{"href":"https:\/\/anamurpsikoteknik.com\/index.php?rest_route=\/wp\/v2\/types\/page"}],"author":[{"embeddable":true,"href":"https:\/\/anamurpsikoteknik.com\/index.php?rest_route=\/wp\/v2\/users\/1"}],"replies":[{"embeddable":true,"href":"https:\/\/anamurpsikoteknik.com\/index.php?rest_route=%2Fwp%2Fv2%2Fcomments&post=6674"}],"version-history":[{"count":1,"href":"https:\/\/anamurpsikoteknik.com\/index.php?rest_route=\/wp\/v2\/pages\/6674\/revisions"}],"predecessor-version":[{"id":7095,"href":"https:\/\/anamurpsikoteknik.com\/index.php?rest_route=\/wp\/v2\/pages\/6674\/revisions\/7095"}],"up":[{"embeddable":true,"href":"https:\/\/anamurpsikoteknik.com\/index.php?rest_route=\/wp\/v2\/pages\/6399"}],"wp:attachment":[{"href":"https:\/\/anamurpsikoteknik.com\/index.php?rest_route=%2Fwp%2Fv2%2Fmedia&parent=6674"}],"curies":[{"name":"wp","href":"https:\/\/api.w.org\/{rel}","templated":true}]}}