{"id":5955,"date":"2018-12-05T09:15:14","date_gmt":"2018-12-05T06:15:14","guid":{"rendered":"https:\/\/demo.goodlayers.com\/logisco\/?page_id=5955"},"modified":"2020-10-01T16:50:07","modified_gmt":"2020-10-01T13:50:07","slug":"surucu-egitimi","status":"publish","type":"page","link":"http:\/\/anamurpsikoteknik.com\/?page_id=5955","title":{"rendered":"S\u00fcr\u00fcc\u00fc E\u011fitimi"},"content":{"rendered":"","protected":false},"excerpt":{"rendered":"","protected":false},"author":1,"featured_media":0,"parent":6399,"menu_order":0,"comment_status":"closed","ping_status":"closed","template":"","meta":[],"_links":{"self":[{"href":"http:\/\/anamurpsikoteknik.com\/index.php?rest_route=\/wp\/v2\/pages\/5955"}],"collection":[{"href":"http:\/\/anamurpsikoteknik.com\/index.php?rest_route=\/wp\/v2\/pages"}],"about":[{"href":"http:\/\/anamurpsikoteknik.com\/index.php?rest_route=\/wp\/v2\/types\/page"}],"author":[{"embeddable":true,"href":"http:\/\/anamurpsikoteknik.com\/index.php?rest_route=\/wp\/v2\/users\/1"}],"replies":[{"embeddable":true,"href":"http:\/\/anamurpsikoteknik.com\/index.php?rest_route=%2Fwp%2Fv2%2Fcomments&post=5955"}],"version-history":[{"count":5,"href":"http:\/\/anamurpsikoteknik.com\/index.php?rest_route=\/wp\/v2\/pages\/5955\/revisions"}],"predecessor-version":[{"id":7124,"href":"http:\/\/anamurpsikoteknik.com\/index.php?rest_route=\/wp\/v2\/pages\/5955\/revisions\/7124"}],"up":[{"embeddable":true,"href":"http:\/\/anamurpsikoteknik.com\/index.php?rest_route=\/wp\/v2\/pages\/6399"}],"wp:attachment":[{"href":"http:\/\/anamurpsikoteknik.com\/index.php?rest_route=%2Fwp%2Fv2%2Fmedia&parent=5955"}],"curies":[{"name":"wp","href":"https:\/\/api.w.org\/{rel}","templated":true}]}}